{"id":528,"date":"2020-10-02T07:37:39","date_gmt":"2020-10-02T07:37:39","guid":{"rendered":"https:\/\/artesansdelsavalls.com\/ada\/clar-dels-avalls\/"},"modified":"2024-12-30T22:20:16","modified_gmt":"2024-12-30T21:20:16","slug":"clar-dels-avalls","status":"publish","type":"page","link":"https:\/\/www.artesansdelsavalls.com\/es\/clar-dels-avalls\/","title":{"rendered":"Clar dels Avalls"},"content":{"rendered":"\t\t<div data-elementor-type=\"wp-page\" data-elementor-id=\"528\" class=\"elementor elementor-528\">\n\t\t\t\t\t\t<section class=\"elementor-section elementor-top-section elementor-element elementor-element-d93a288 elementor-section-boxed elementor-section-height-default elementor-section-height-default\" data-id=\"d93a288\" data-element_type=\"section\">\n\t\t\t\t\t\t<div class=\"elementor-container elementor-column-gap-default\">\n\t\t\t\t\t<div class=\"elementor-column elementor-col-100 elementor-top-column elementor-element elementor-element-2f0feb9\" data-id=\"2f0feb9\" data-element_type=\"column\">\n\t\t\t<div class=\"elementor-widget-wrap elementor-element-populated\">\n\t\t\t\t\t\t<section class=\"elementor-section elementor-inner-section elementor-element elementor-element-5141ad4 elementor-section-boxed elementor-section-height-default elementor-section-height-default\" data-id=\"5141ad4\" data-element_type=\"section\">\n\t\t\t\t\t\t<div class=\"elementor-container elementor-column-gap-default\">\n\t\t\t\t\t<div class=\"elementor-column elementor-col-50 elementor-inner-column elementor-element elementor-element-e77d793\" data-id=\"e77d793\" data-element_type=\"column\">\n\t\t\t<div class=\"elementor-widget-wrap elementor-element-populated\">\n\t\t\t\t\t\t<div class=\"elementor-element elementor-element-bff8368 elementor-widget elementor-widget-heading\" data-id=\"bff8368\" data-element_type=\"widget\" data-widget_type=\"heading.default\">\n\t\t\t\t<div class=\"elementor-widget-container\">\n\t\t\t\t\t<h2 class=\"elementor-heading-title elementor-size-default\">CLAR DELS AVALLS<\/h2>\t\t\t\t<\/div>\n\t\t\t\t<\/div>\n\t\t\t\t<div class=\"elementor-element elementor-element-f3f30ea elementor-widget-divider--view-line elementor-widget elementor-widget-divider\" data-id=\"f3f30ea\" data-element_type=\"widget\" data-widget_type=\"divider.default\">\n\t\t\t\t<div class=\"elementor-widget-container\">\n\t\t\t\t\t\t\t<div class=\"elementor-divider\">\n\t\t\t<span class=\"elementor-divider-separator\">\n\t\t\t\t\t\t<\/span>\n\t\t<\/div>\n\t\t\t\t\t\t<\/div>\n\t\t\t\t<\/div>\n\t\t\t\t<div class=\"elementor-element elementor-element-c47f8f5 elementor-widget elementor-widget-text-editor\" data-id=\"c47f8f5\" data-element_type=\"widget\" data-widget_type=\"text-editor.default\">\n\t\t\t\t<div class=\"elementor-widget-container\">\n\t\t\t\t\t\t\t\t\t<p>La inspiraci\u00f3n para el nombre proviene del segundo nombre de la segunda hija de la familia (Clara), que en catal\u00e1n refleja a la perfecci\u00f3n el color del queso, junto con la Sierra dels Avalls, el acantilado que domina la finca y la regi\u00f3n.<\/p>\n<p>El Clar dels Avalls es un tipo de Caerphilly, que es originario del pueblo del mismo nombre en el sur de Gales, una regi\u00f3n con una fuerte tradici\u00f3n minera. Es un queso que se puede comer despu\u00e9s de solo dos semanas de maduraci\u00f3n, lo cual, en comparaci\u00f3n con su primo cercano el Cheddar, le ayud\u00f3 a ganar una inmensa popularidad entre la comunidad minera.<\/p>\n<p>Clar dels Avalls se elabora a partir de leche cruda de vaca, cuajo de ternera, cultivos y sal. Este tipo de queso se diferencia en que el cuajo se sala en seco y luego, despu\u00e9s de prensar durante doce horas, se sala nuevamente sumergiendo las piezas en salmuera durante seis horas. Los quesos se maduran a 11-12\u00baC en cueva durante al menos 2 meses, tiempo durante el cual la corteza natural crece y adquiere su caracter\u00edstico sabor terroso.<\/p>\n<p><strong>Formato:<\/strong> Quesos enteros de 4kg<\/p>\n<p><strong>Textura:<\/strong> Es un queso friable, quebradizo y m\u00e1s cremoso que su primo L&#8217;Eixart.<\/p>\n<p><strong>Color:<\/strong> Blanco en el centro a amarillento cerca de la corteza.<\/p>\n<p><strong>Sabor:<\/strong> En el centro tiene un sabor muy lechoso y cremoso, a medida que nos acercamos a la corteza se vuelve m\u00e1s salado y terroso.<\/p>\n\t\t\t\t\t\t\t\t<\/div>\n\t\t\t\t<\/div>\n\t\t\t\t\t<\/div>\n\t\t<\/div>\n\t\t\t\t<div class=\"elementor-column elementor-col-50 elementor-inner-column elementor-element elementor-element-2430e32\" data-id=\"2430e32\" data-element_type=\"column\">\n\t\t\t<div class=\"elementor-widget-wrap elementor-element-populated\">\n\t\t\t\t\t\t<div class=\"elementor-element elementor-element-49f9e51 elementor-arrows-position-outside animated-slow elementor-pagination-position-outside elementor-invisible elementor-widget elementor-widget-image-carousel\" data-id=\"49f9e51\" data-element_type=\"widget\" data-settings=\"{&quot;slides_to_show&quot;:&quot;1&quot;,&quot;effect&quot;:&quot;fade&quot;,&quot;speed&quot;:2000,&quot;_animation&quot;:&quot;fadeIn&quot;,&quot;_animation_delay&quot;:300,&quot;navigation&quot;:&quot;both&quot;,&quot;autoplay&quot;:&quot;yes&quot;,&quot;pause_on_hover&quot;:&quot;yes&quot;,&quot;pause_on_interaction&quot;:&quot;yes&quot;,&quot;autoplay_speed&quot;:5000,&quot;infinite&quot;:&quot;yes&quot;}\" data-widget_type=\"image-carousel.default\">\n\t\t\t\t<div class=\"elementor-widget-container\">\n\t\t\t\t\t\t\t<div class=\"elementor-image-carousel-wrapper swiper\" role=\"region\" aria-roledescription=\"carousel\" aria-label=\"Image Carousel\" dir=\"ltr\">\n\t\t\t<div class=\"elementor-image-carousel swiper-wrapper\" aria-live=\"off\">\n\t\t\t\t\t\t\t\t<div class=\"swiper-slide\" role=\"group\" aria-roledescription=\"slide\" aria-label=\"1 de 3\"><figure class=\"swiper-slide-inner\"><img decoding=\"async\" class=\"swiper-slide-image\" src=\"https:\/\/www.artesansdelsavalls.com\/wp-content\/uploads\/2020\/10\/IMGL0799-1024x683.jpg\" alt=\"IMGL0799\" \/><\/figure><\/div><div class=\"swiper-slide\" role=\"group\" aria-roledescription=\"slide\" aria-label=\"2 de 3\"><figure class=\"swiper-slide-inner\"><img decoding=\"async\" class=\"swiper-slide-image\" src=\"https:\/\/www.artesansdelsavalls.com\/wp-content\/uploads\/2020\/10\/IMGL0710-1024x683.jpg\" alt=\"IMGL0710\" \/><\/figure><\/div><div class=\"swiper-slide\" role=\"group\" aria-roledescription=\"slide\" aria-label=\"3 de 3\"><figure class=\"swiper-slide-inner\"><img decoding=\"async\" class=\"swiper-slide-image\" src=\"https:\/\/www.artesansdelsavalls.com\/wp-content\/uploads\/2020\/11\/IMGL1310-1024x683.jpg\" alt=\"IMGL1310\" \/><\/figure><\/div>\t\t\t<\/div>\n\t\t\t\t\t\t\t\t\t\t\t\t<div class=\"elementor-swiper-button elementor-swiper-button-prev\" role=\"button\" tabindex=\"0\">\n\t\t\t\t\t\t<i aria-hidden=\"true\" class=\"eicon-chevron-left\"><\/i>\t\t\t\t\t<\/div>\n\t\t\t\t\t<div class=\"elementor-swiper-button elementor-swiper-button-next\" role=\"button\" tabindex=\"0\">\n\t\t\t\t\t\t<i aria-hidden=\"true\" class=\"eicon-chevron-right\"><\/i>\t\t\t\t\t<\/div>\n\t\t\t\t\n\t\t\t\t\t\t\t\t\t<div class=\"swiper-pagination\"><\/div>\n\t\t\t\t\t\t\t\t\t<\/div>\n\t\t\t\t\t\t<\/div>\n\t\t\t\t<\/div>\n\t\t\t\t<div class=\"elementor-element elementor-element-116bce0 elementor-align-center elementor-widget elementor-widget-button\" data-id=\"116bce0\" data-element_type=\"widget\" data-widget_type=\"button.default\">\n\t\t\t\t<div class=\"elementor-widget-container\">\n\t\t\t\t\t\t\t\t\t<div class=\"elementor-button-wrapper\">\n\t\t\t\t\t<a class=\"elementor-button elementor-button-link elementor-size-sm\" href=\"\/es\/product\/clar-dels-avalls\/\">\n\t\t\t\t\t\t<span class=\"elementor-button-content-wrapper\">\n\t\t\t\t\t\t\t\t\t<span class=\"elementor-button-text\">COMPRAR<\/span>\n\t\t\t\t\t<\/span>\n\t\t\t\t\t<\/a>\n\t\t\t\t<\/div>\n\t\t\t\t\t\t\t\t<\/div>\n\t\t\t\t<\/div>\n\t\t\t\t\t<\/div>\n\t\t<\/div>\n\t\t\t\t\t<\/div>\n\t\t<\/section>\n\t\t\t\t\t<\/div>\n\t\t<\/div>\n\t\t\t\t\t<\/div>\n\t\t<\/section>\n\t\t\t\t<\/div>\n\t\t","protected":false},"excerpt":{"rendered":"<p>CLAR DELS AVALLS La inspiraci\u00f3n para el nombre proviene del segundo nombre de la segunda hija de la familia (Clara), que en catal\u00e1n refleja a la perfecci\u00f3n el color del queso, junto con la Sierra dels Avalls, el acantilado que domina la finca y la regi\u00f3n. El Clar dels Avalls es un tipo de Caerphilly, [&hellip;]<\/p>\n","protected":false},"author":1,"featured_media":0,"parent":0,"menu_order":0,"comment_status":"closed","ping_status":"closed","template":"","meta":{"site-sidebar-layout":"no-sidebar","site-content-layout":"page-builder","ast-site-content-layout":"default","site-content-style":"default","site-sidebar-style":"default","ast-global-header-display":"","ast-banner-title-visibility":"","ast-main-header-display":"","ast-hfb-above-header-display":"","ast-hfb-below-header-display":"","ast-hfb-mobile-header-display":"","site-post-title":"disabled","ast-breadcrumbs-content":"","ast-featured-img":"disabled","footer-sml-layout":"","ast-disable-related-posts":"","theme-transparent-header-meta":"default","adv-header-id-meta":"","stick-header-meta":"","header-above-stick-meta":"","header-main-stick-meta":"","header-below-stick-meta":"","astra-migrate-meta-layouts":"default","ast-page-background-enabled":"default","ast-page-background-meta":{"desktop":{"background-color":"var(--ast-global-color-4)","background-image":"","background-repeat":"repeat","background-position":"center center","background-size":"auto","background-attachment":"scroll","background-type":"","background-media":"","overlay-type":"","overlay-color":"","overlay-opacity":"","overlay-gradient":""},"tablet":{"background-color":"","background-image":"","background-repeat":"repeat","background-position":"center center","background-size":"auto","background-attachment":"scroll","background-type":"","background-media":"","overlay-type":"","overlay-color":"","overlay-opacity":"","overlay-gradient":""},"mobile":{"background-color":"","background-image":"","background-repeat":"repeat","background-position":"center center","background-size":"auto","background-attachment":"scroll","background-type":"","background-media":"","overlay-type":"","overlay-color":"","overlay-opacity":"","overlay-gradient":""}},"ast-content-background-meta":{"desktop":{"background-color":"var(--ast-global-color-5)","background-image":"","background-repeat":"repeat","background-position":"center center","background-size":"auto","background-attachment":"scroll","background-type":"","background-media":"","overlay-type":"","overlay-color":"","overlay-opacity":"","overlay-gradient":""},"tablet":{"background-color":"var(--ast-global-color-5)","background-image":"","background-repeat":"repeat","background-position":"center center","background-size":"auto","background-attachment":"scroll","background-type":"","background-media":"","overlay-type":"","overlay-color":"","overlay-opacity":"","overlay-gradient":""},"mobile":{"background-color":"var(--ast-global-color-5)","background-image":"","background-repeat":"repeat","background-position":"center center","background-size":"auto","background-attachment":"scroll","background-type":"","background-media":"","overlay-type":"","overlay-color":"","overlay-opacity":"","overlay-gradient":""}},"footnotes":""},"class_list":["post-528","page","type-page","status-publish","hentry"],"_links":{"self":[{"href":"https:\/\/www.artesansdelsavalls.com\/es\/wp-json\/wp\/v2\/pages\/528","targetHints":{"allow":["GET"]}}],"collection":[{"href":"https:\/\/www.artesansdelsavalls.com\/es\/wp-json\/wp\/v2\/pages"}],"about":[{"href":"https:\/\/www.artesansdelsavalls.com\/es\/wp-json\/wp\/v2\/types\/page"}],"author":[{"embeddable":true,"href":"https:\/\/www.artesansdelsavalls.com\/es\/wp-json\/wp\/v2\/users\/1"}],"replies":[{"embeddable":true,"href":"https:\/\/www.artesansdelsavalls.com\/es\/wp-json\/wp\/v2\/comments?post=528"}],"version-history":[{"count":16,"href":"https:\/\/www.artesansdelsavalls.com\/es\/wp-json\/wp\/v2\/pages\/528\/revisions"}],"predecessor-version":[{"id":2402,"href":"https:\/\/www.artesansdelsavalls.com\/es\/wp-json\/wp\/v2\/pages\/528\/revisions\/2402"}],"wp:attachment":[{"href":"https:\/\/www.artesansdelsavalls.com\/es\/wp-json\/wp\/v2\/media?parent=528"}],"curies":[{"name":"wp","href":"https:\/\/api.w.org\/{rel}","templated":true}]}}