{"id":723,"date":"2020-09-22T18:47:48","date_gmt":"2020-09-22T18:47:48","guid":{"rendered":"https:\/\/artesansdelsavalls.com\/ada\/product\/leixart\/"},"modified":"2024-12-12T21:43:34","modified_gmt":"2024-12-12T20:43:34","slug":"leixart","status":"publish","type":"product","link":"https:\/\/www.artesansdelsavalls.com\/es\/product\/leixart\/","title":{"rendered":"L&#8217;Eixart"},"content":{"rendered":"<p>L&#8217;Eixart en catal\u00e1n es sin\u00f3nimo de injerto, simbolizando el crecimiento de este queso ingl\u00e9s sobre una cepa catalana.<\/p>\n<p>Es un queso basado en el Cheshire, originario de la regi\u00f3n en el noroeste Inglaterra con el mismo nombre, donde es muy conocido junto con el Stilton y el Cheddar. La revoluci\u00f3n industrial del siglo XVIII dio un gran poder econ\u00f3mico y pol\u00edtico en la regi\u00f3n de Cheshire, permitiendo la exportaci\u00f3n del queso local en el resto del pa\u00eds d\u00e1ndole as\u00ed una gran popularidad. Hoy en d\u00eda pocos Cheshires son elaborados artesanalmente.<\/p>\n<p>Elaboramos L&#8217;Eixart con leche de vaca cruda, a\u00f1adi\u00e9ndole cuajo de ternera, fermentos y sal. Despu\u00e9s del cuajado del amoldamos y el prensamos con un peso elevado durante 24 horas. A continuaci\u00f3n rodeamos cada pieza con una tela mojada con aceite de oliva, que da lugar a una piel muy limpia despu\u00e9s de la maduraci\u00f3n.<\/p>\n<p><strong>Textura:<\/strong> Es un queso friable, quebradizo y mucho menos el\u00e1stico que su primo el Cheddar.<\/p>\n<p><strong>Color:<\/strong> Blanco amarillento, melocot\u00f3n p\u00e1lido. Se obtienen variantes m\u00e1s anaranjadas y amarillentas a\u00f1adiendo el colorante natural Annatar.<\/p>\n<p><strong>Gusto:<\/strong> Equilibrio entre una acidez fresca y una calidez salada.<\/p>\n","protected":false},"excerpt":{"rendered":"<p>Una pieza entera de El Eixarts pesa aproximadamente 4kg<\/p>\n<p>Seleccionar el formato de tu El Eixarts<\/p>\n","protected":false},"featured_media":698,"comment_status":"open","ping_status":"closed","template":"","meta":{"site-sidebar-layout":"default","site-content-layout":"default","ast-site-content-layout":"default","site-content-style":"default","site-sidebar-style":"default","ast-global-header-display":"","ast-banner-title-visibility":"","ast-main-header-display":"","ast-hfb-above-header-display":"","ast-hfb-below-header-display":"","ast-hfb-mobile-header-display":"","site-post-title":"","ast-breadcrumbs-content":"","ast-featured-img":"","footer-sml-layout":"","ast-disable-related-posts":"","theme-transparent-header-meta":"default","adv-header-id-meta":"","stick-header-meta":"","header-above-stick-meta":"","header-main-stick-meta":"","header-below-stick-meta":"","astra-migrate-meta-layouts":"set","ast-page-background-enabled":"default","ast-page-background-meta":{"desktop":{"background-color":"var(--ast-global-color-4)","background-image":"","background-repeat":"repeat","background-position":"center center","background-size":"auto","background-attachment":"scroll","background-type":"","background-media":"","overlay-type":"","overlay-color":"","overlay-opacity":"","overlay-gradient":""},"tablet":{"background-color":"","background-image":"","background-repeat":"repeat","background-position":"center center","background-size":"auto","background-attachment":"scroll","background-type":"","background-media":"","overlay-type":"","overlay-color":"","overlay-opacity":"","overlay-gradient":""},"mobile":{"background-color":"","background-image":"","background-repeat":"repeat","background-position":"center center","background-size":"auto","background-attachment":"scroll","background-type":"","background-media":"","overlay-type":"","overlay-color":"","overlay-opacity":"","overlay-gradient":""}},"ast-content-background-meta":{"desktop":{"background-color":"var(--ast-global-color-5)","background-image":"","background-repeat":"repeat","background-position":"center center","background-size":"auto","background-attachment":"scroll","background-type":"","background-media":"","overlay-type":"","overlay-color":"","overlay-opacity":"","overlay-gradient":""},"tablet":{"background-color":"var(--ast-global-color-5)","background-image":"","background-repeat":"repeat","background-position":"center center","background-size":"auto","background-attachment":"scroll","background-type":"","background-media":"","overlay-type":"","overlay-color":"","overlay-opacity":"","overlay-gradient":""},"mobile":{"background-color":"var(--ast-global-color-5)","background-image":"","background-repeat":"repeat","background-position":"center center","background-size":"auto","background-attachment":"scroll","background-type":"","background-media":"","overlay-type":"","overlay-color":"","overlay-opacity":"","overlay-gradient":""}}},"product_cat":[38],"product_tag":[],"class_list":{"0":"post-723","1":"product","2":"type-product","3":"status-publish","4":"has-post-thumbnail","6":"product_cat-cheese-es","7":"desktop-align-left","8":"tablet-align-left","9":"mobile-align-left","11":"first","12":"instock","13":"taxable","14":"shipping-taxable","15":"product-type-grouped"},"_links":{"self":[{"href":"https:\/\/www.artesansdelsavalls.com\/es\/wp-json\/wp\/v2\/product\/723","targetHints":{"allow":["GET"]}}],"collection":[{"href":"https:\/\/www.artesansdelsavalls.com\/es\/wp-json\/wp\/v2\/product"}],"about":[{"href":"https:\/\/www.artesansdelsavalls.com\/es\/wp-json\/wp\/v2\/types\/product"}],"replies":[{"embeddable":true,"href":"https:\/\/www.artesansdelsavalls.com\/es\/wp-json\/wp\/v2\/comments?post=723"}],"wp:featuredmedia":[{"embeddable":true,"href":"https:\/\/www.artesansdelsavalls.com\/es\/wp-json\/wp\/v2\/media\/698"}],"wp:attachment":[{"href":"https:\/\/www.artesansdelsavalls.com\/es\/wp-json\/wp\/v2\/media?parent=723"}],"wp:term":[{"taxonomy":"product_cat","embeddable":true,"href":"https:\/\/www.artesansdelsavalls.com\/es\/wp-json\/wp\/v2\/product_cat?post=723"},{"taxonomy":"product_tag","embeddable":true,"href":"https:\/\/www.artesansdelsavalls.com\/es\/wp-json\/wp\/v2\/product_tag?post=723"}],"curies":[{"name":"wp","href":"https:\/\/api.w.org\/{rel}","templated":true}]}}